{"id":1455,"date":"2019-11-06T20:14:36","date_gmt":"2019-11-06T23:14:36","guid":{"rendered":"https:\/\/www.virtualab.org.ar\/?page_id=1455"},"modified":"2019-11-06T20:15:36","modified_gmt":"2019-11-06T23:15:36","slug":"cuestionario-vacunas-perspectiva-historica-avances-y-desafios","status":"publish","type":"page","link":"https:\/\/2021.virtualab.org.ar\/en\/cuestionario-vacunas-perspectiva-historica-avances-y-desafios\/","title":{"rendered":"(Espa\u00f1ol) Cuestionario &#8211; Vacunas: perspectiva hist\u00f3rica, avances y desaf\u00edos"},"content":{"rendered":"<p class=\"qtranxs-available-languages-message qtranxs-available-languages-message-en\">Sorry, this entry is only available in <a href=\"https:\/\/2021.virtualab.org.ar\/es\/wp-json\/wp\/v2\/pages\/1455\" class=\"qtranxs-available-language-link qtranxs-available-language-link-es\" title=\"Espa\u00f1ol\">European Spanish<\/a>.<\/p>","protected":false},"excerpt":{"rendered":"<p><!-- AddThis Advanced Settings generic via filter on get_the_excerpt --><!-- AddThis Share Buttons generic via filter on get_the_excerpt --><\/p>\n","protected":false},"author":1,"featured_media":0,"parent":0,"menu_order":0,"comment_status":"closed","ping_status":"closed","template":"","meta":[],"_links":{"self":[{"href":"https:\/\/2021.virtualab.org.ar\/en\/wp-json\/wp\/v2\/pages\/1455"}],"collection":[{"href":"https:\/\/2021.virtualab.org.ar\/en\/wp-json\/wp\/v2\/pages"}],"about":[{"href":"https:\/\/2021.virtualab.org.ar\/en\/wp-json\/wp\/v2\/types\/page"}],"author":[{"embeddable":true,"href":"https:\/\/2021.virtualab.org.ar\/en\/wp-json\/wp\/v2\/users\/1"}],"replies":[{"embeddable":true,"href":"https:\/\/2021.virtualab.org.ar\/en\/wp-json\/wp\/v2\/comments?post=1455"}],"version-history":[{"count":1,"href":"https:\/\/2021.virtualab.org.ar\/en\/wp-json\/wp\/v2\/pages\/1455\/revisions"}],"predecessor-version":[{"id":1456,"href":"https:\/\/2021.virtualab.org.ar\/en\/wp-json\/wp\/v2\/pages\/1455\/revisions\/1456"}],"wp:attachment":[{"href":"https:\/\/2021.virtualab.org.ar\/en\/wp-json\/wp\/v2\/media?parent=1455"}],"curies":[{"name":"wp","href":"https:\/\/api.w.org\/{rel}","templated":true}]}}