{"id":1505,"date":"2019-11-07T14:28:16","date_gmt":"2019-11-07T17:28:16","guid":{"rendered":"https:\/\/www.virtualab.org.ar\/?page_id=1505"},"modified":"2019-11-07T14:28:16","modified_gmt":"2019-11-07T17:28:16","slug":"cuestionario-bancos-de-celulas-progenitoras-hematopoyeticas-de-sangre-de-cordon-umbilical","status":"publish","type":"page","link":"https:\/\/2021.virtualab.org.ar\/en\/cuestionario-bancos-de-celulas-progenitoras-hematopoyeticas-de-sangre-de-cordon-umbilical\/","title":{"rendered":"(Espa\u00f1ol) Cuestionario &#8211; Bancos de C\u00e9lulas Progenitoras Hematopoy\u00e9ticas de Sangre de Cord\u00f3n Umbilical"},"content":{"rendered":"<p class=\"qtranxs-available-languages-message qtranxs-available-languages-message-en\">Sorry, this entry is only available in <a href=\"https:\/\/2021.virtualab.org.ar\/es\/wp-json\/wp\/v2\/pages\/1505\" class=\"qtranxs-available-language-link qtranxs-available-language-link-es\" title=\"Espa\u00f1ol\">European Spanish<\/a>.<\/p>","protected":false},"excerpt":{"rendered":"<p><!-- AddThis Advanced Settings generic via filter on get_the_excerpt --><!-- AddThis Share Buttons generic via filter on get_the_excerpt --><\/p>\n","protected":false},"author":1,"featured_media":0,"parent":0,"menu_order":0,"comment_status":"closed","ping_status":"closed","template":"","meta":[],"_links":{"self":[{"href":"https:\/\/2021.virtualab.org.ar\/en\/wp-json\/wp\/v2\/pages\/1505"}],"collection":[{"href":"https:\/\/2021.virtualab.org.ar\/en\/wp-json\/wp\/v2\/pages"}],"about":[{"href":"https:\/\/2021.virtualab.org.ar\/en\/wp-json\/wp\/v2\/types\/page"}],"author":[{"embeddable":true,"href":"https:\/\/2021.virtualab.org.ar\/en\/wp-json\/wp\/v2\/users\/1"}],"replies":[{"embeddable":true,"href":"https:\/\/2021.virtualab.org.ar\/en\/wp-json\/wp\/v2\/comments?post=1505"}],"version-history":[{"count":1,"href":"https:\/\/2021.virtualab.org.ar\/en\/wp-json\/wp\/v2\/pages\/1505\/revisions"}],"predecessor-version":[{"id":1506,"href":"https:\/\/2021.virtualab.org.ar\/en\/wp-json\/wp\/v2\/pages\/1505\/revisions\/1506"}],"wp:attachment":[{"href":"https:\/\/2021.virtualab.org.ar\/en\/wp-json\/wp\/v2\/media?parent=1505"}],"curies":[{"name":"wp","href":"https:\/\/api.w.org\/{rel}","templated":true}]}}