{"id":1508,"date":"2019-11-07T14:50:02","date_gmt":"2019-11-07T17:50:02","guid":{"rendered":"https:\/\/www.virtualab.org.ar\/?page_id=1508"},"modified":"2019-11-07T14:50:02","modified_gmt":"2019-11-07T17:50:02","slug":"cuestionario-nuevas-herramientas-en-el-diagnostico-de-la-disfuncion-vaginal-aportes-de-la-metagenomica-proteomica-y-metabolomica","status":"publish","type":"page","link":"https:\/\/2021.virtualab.org.ar\/en\/cuestionario-nuevas-herramientas-en-el-diagnostico-de-la-disfuncion-vaginal-aportes-de-la-metagenomica-proteomica-y-metabolomica\/","title":{"rendered":"(Espa\u00f1ol) Cuestionario &#8211; Nuevas herramientas en el diagn\u00f3stico de la disfunci\u00f3n vaginal: aportes de la metagen\u00f3mica, prote\u00f3mica y metabol\u00f3mica"},"content":{"rendered":"<p class=\"qtranxs-available-languages-message qtranxs-available-languages-message-en\">Sorry, this entry is only available in <a href=\"https:\/\/2021.virtualab.org.ar\/es\/wp-json\/wp\/v2\/pages\/1508\" class=\"qtranxs-available-language-link qtranxs-available-language-link-es\" title=\"Espa\u00f1ol\">European Spanish<\/a>.<\/p>","protected":false},"excerpt":{"rendered":"<p><!-- AddThis Advanced Settings generic via filter on get_the_excerpt --><!-- AddThis Share Buttons generic via filter on get_the_excerpt --><\/p>\n","protected":false},"author":1,"featured_media":0,"parent":0,"menu_order":0,"comment_status":"closed","ping_status":"closed","template":"","meta":[],"_links":{"self":[{"href":"https:\/\/2021.virtualab.org.ar\/en\/wp-json\/wp\/v2\/pages\/1508"}],"collection":[{"href":"https:\/\/2021.virtualab.org.ar\/en\/wp-json\/wp\/v2\/pages"}],"about":[{"href":"https:\/\/2021.virtualab.org.ar\/en\/wp-json\/wp\/v2\/types\/page"}],"author":[{"embeddable":true,"href":"https:\/\/2021.virtualab.org.ar\/en\/wp-json\/wp\/v2\/users\/1"}],"replies":[{"embeddable":true,"href":"https:\/\/2021.virtualab.org.ar\/en\/wp-json\/wp\/v2\/comments?post=1508"}],"version-history":[{"count":1,"href":"https:\/\/2021.virtualab.org.ar\/en\/wp-json\/wp\/v2\/pages\/1508\/revisions"}],"predecessor-version":[{"id":1509,"href":"https:\/\/2021.virtualab.org.ar\/en\/wp-json\/wp\/v2\/pages\/1508\/revisions\/1509"}],"wp:attachment":[{"href":"https:\/\/2021.virtualab.org.ar\/en\/wp-json\/wp\/v2\/media?parent=1508"}],"curies":[{"name":"wp","href":"https:\/\/api.w.org\/{rel}","templated":true}]}}